 {"id":6666,"date":"2022-07-05T09:37:34","date_gmt":"2022-07-05T13:37:34","guid":{"rendered":"https:\/\/a7integration.solutionsnuagiques.com\/?page_id=6666"},"modified":"2022-07-05T09:37:34","modified_gmt":"2022-07-05T13:37:34","slug":"piece","status":"publish","type":"page","link":"https:\/\/a7integration.solutionsnuagiques.com\/en\/piece\/","title":{"rendered":"Piece"},"content":{"rendered":"","protected":false},"excerpt":{"rendered":"","protected":false},"author":30,"featured_media":0,"parent":0,"menu_order":0,"comment_status":"closed","ping_status":"closed","template":"","meta":[],"yoast_head":"<!-- This site is optimized with the Yoast SEO plugin v19.2 - https:\/\/yoast.com\/wordpress\/plugins\/seo\/ -->\n<title>Piece | A7 Integration | Engineering and high precision machining<\/title>\n<meta name=\"description\" content=\"A7 Int\u00e9gration fournit des services d\u2019ing\u00e9nierie et d\u2019usinage de pr\u00e9cision pour diff\u00e9rents secteurs comme l&#039;a\u00e9ronautique ou l&#039;automobile.\" \/>\n<meta name=\"robots\" content=\"noindex, follow, max-snippet:-1, max-image-preview:large, max-video-preview:-1\" \/>\n<meta property=\"og:locale\" content=\"en_US\" \/>\n<meta property=\"og:type\" content=\"article\" \/>\n<meta property=\"og:title\" content=\"Piece | A7 Integration | Engineering and high precision machining\" \/>\n<meta property=\"og:description\" content=\"A7 Int\u00e9gration fournit des services d\u2019ing\u00e9nierie et d\u2019usinage de pr\u00e9cision pour diff\u00e9rents secteurs comme l&#039;a\u00e9ronautique ou l&#039;automobile.\" \/>\n<meta property=\"og:url\" content=\"https:\/\/a7integration.solutionsnuagiques.com\/en\/piece\/\" \/>\n<meta property=\"og:site_name\" content=\"A7 Integration\" \/>\n<meta property=\"article:publisher\" content=\"https:\/\/www.facebook.com\/A7integration\/\" \/>\n<meta property=\"og:image\" content=\"https:\/\/a7integration.solutionsnuagiques.com\/wp-content\/uploads\/logo-a7integration.png\" \/>\n\t<meta property=\"og:image:width\" content=\"300\" \/>\n\t<meta property=\"og:image:height\" content=\"135\" \/>\n\t<meta property=\"og:image:type\" content=\"image\/png\" \/>\n<meta name=\"author\" content=\"Isabelle Gagnon\" \/>\n<meta name=\"twitter:card\" content=\"summary\" \/>\n<script type=\"application\/ld+json\" class=\"yoast-schema-graph\">{\"@context\":\"https:\/\/schema.org\",\"@graph\":[{\"@type\":\"WebSite\",\"@id\":\"https:\/\/a7integration.solutionsnuagiques.com\/#website\",\"url\":\"https:\/\/a7integration.solutionsnuagiques.com\/\",\"name\":\"A7 Integration\",\"description\":\"Engineering and high precision machining\",\"potentialAction\":[{\"@type\":\"SearchAction\",\"target\":{\"@type\":\"EntryPoint\",\"urlTemplate\":\"https:\/\/a7integration.solutionsnuagiques.com\/?s={search_term_string}\"},\"query-input\":\"required name=search_term_string\"}],\"inLanguage\":\"en-US\"},{\"@type\":\"WebPage\",\"@id\":\"https:\/\/a7integration.solutionsnuagiques.com\/en\/piece\/#webpage\",\"url\":\"https:\/\/a7integration.solutionsnuagiques.com\/en\/piece\/\",\"name\":\"Piece | A7 Integration | Engineering and high precision machining\",\"isPartOf\":{\"@id\":\"https:\/\/a7integration.solutionsnuagiques.com\/#website\"},\"datePublished\":\"2022-07-05T13:37:34+00:00\",\"dateModified\":\"2022-07-05T13:37:34+00:00\",\"description\":\"A7 Int\u00e9gration fournit des services d\u2019ing\u00e9nierie et d\u2019usinage de pr\u00e9cision pour diff\u00e9rents secteurs comme l'a\u00e9ronautique ou l'automobile.\",\"breadcrumb\":{\"@id\":\"https:\/\/a7integration.solutionsnuagiques.com\/en\/piece\/#breadcrumb\"},\"inLanguage\":\"en-US\",\"potentialAction\":[{\"@type\":\"ReadAction\",\"target\":[\"https:\/\/a7integration.solutionsnuagiques.com\/en\/piece\/\"]}]},{\"@type\":\"BreadcrumbList\",\"@id\":\"https:\/\/a7integration.solutionsnuagiques.com\/en\/piece\/#breadcrumb\",\"itemListElement\":[{\"@type\":\"ListItem\",\"position\":1,\"name\":\"Home\",\"item\":\"https:\/\/a7integration.solutionsnuagiques.com\/en\/\"},{\"@type\":\"ListItem\",\"position\":2,\"name\":\"Piece\"}]}]}<\/script>\n<!-- \/ Yoast SEO plugin. -->","yoast_head_json":{"title":"Piece | A7 Integration | Engineering and high precision machining","description":"A7 Int\u00e9gration fournit des services d\u2019ing\u00e9nierie et d\u2019usinage de pr\u00e9cision pour diff\u00e9rents secteurs comme l'a\u00e9ronautique ou l'automobile.","robots":{"index":"noindex","follow":"follow","max-snippet":"max-snippet:-1","max-image-preview":"max-image-preview:large","max-video-preview":"max-video-preview:-1"},"og_locale":"en_US","og_type":"article","og_title":"Piece | A7 Integration | Engineering and high precision machining","og_description":"A7 Int\u00e9gration fournit des services d\u2019ing\u00e9nierie et d\u2019usinage de pr\u00e9cision pour diff\u00e9rents secteurs comme l'a\u00e9ronautique ou l'automobile.","og_url":"https:\/\/a7integration.solutionsnuagiques.com\/en\/piece\/","og_site_name":"A7 Integration","article_publisher":"https:\/\/www.facebook.com\/A7integration\/","og_image":[{"width":300,"height":135,"url":"https:\/\/a7integration.solutionsnuagiques.com\/wp-content\/uploads\/logo-a7integration.png","type":"image\/png"}],"author":"Isabelle Gagnon","twitter_card":"summary","schema":{"@context":"https:\/\/schema.org","@graph":[{"@type":"WebSite","@id":"https:\/\/a7integration.solutionsnuagiques.com\/#website","url":"https:\/\/a7integration.solutionsnuagiques.com\/","name":"A7 Integration","description":"Engineering and high precision machining","potentialAction":[{"@type":"SearchAction","target":{"@type":"EntryPoint","urlTemplate":"https:\/\/a7integration.solutionsnuagiques.com\/?s={search_term_string}"},"query-input":"required name=search_term_string"}],"inLanguage":"en-US"},{"@type":"WebPage","@id":"https:\/\/a7integration.solutionsnuagiques.com\/en\/piece\/#webpage","url":"https:\/\/a7integration.solutionsnuagiques.com\/en\/piece\/","name":"Piece | A7 Integration | Engineering and high precision machining","isPartOf":{"@id":"https:\/\/a7integration.solutionsnuagiques.com\/#website"},"datePublished":"2022-07-05T13:37:34+00:00","dateModified":"2022-07-05T13:37:34+00:00","description":"A7 Int\u00e9gration fournit des services d\u2019ing\u00e9nierie et d\u2019usinage de pr\u00e9cision pour diff\u00e9rents secteurs comme l'a\u00e9ronautique ou l'automobile.","breadcrumb":{"@id":"https:\/\/a7integration.solutionsnuagiques.com\/en\/piece\/#breadcrumb"},"inLanguage":"en-US","potentialAction":[{"@type":"ReadAction","target":["https:\/\/a7integration.solutionsnuagiques.com\/en\/piece\/"]}]},{"@type":"BreadcrumbList","@id":"https:\/\/a7integration.solutionsnuagiques.com\/en\/piece\/#breadcrumb","itemListElement":[{"@type":"ListItem","position":1,"name":"Home","item":"https:\/\/a7integration.solutionsnuagiques.com\/en\/"},{"@type":"ListItem","position":2,"name":"Piece"}]}]}},"_links":{"self":[{"href":"https:\/\/a7integration.solutionsnuagiques.com\/en\/wp-json\/wp\/v2\/pages\/6666"}],"collection":[{"href":"https:\/\/a7integration.solutionsnuagiques.com\/en\/wp-json\/wp\/v2\/pages"}],"about":[{"href":"https:\/\/a7integration.solutionsnuagiques.com\/en\/wp-json\/wp\/v2\/types\/page"}],"author":[{"embeddable":true,"href":"https:\/\/a7integration.solutionsnuagiques.com\/en\/wp-json\/wp\/v2\/users\/30"}],"replies":[{"embeddable":true,"href":"https:\/\/a7integration.solutionsnuagiques.com\/en\/wp-json\/wp\/v2\/comments?post=6666"}],"version-history":[{"count":1,"href":"https:\/\/a7integration.solutionsnuagiques.com\/en\/wp-json\/wp\/v2\/pages\/6666\/revisions"}],"predecessor-version":[{"id":6667,"href":"https:\/\/a7integration.solutionsnuagiques.com\/en\/wp-json\/wp\/v2\/pages\/6666\/revisions\/6667"}],"wp:attachment":[{"href":"https:\/\/a7integration.solutionsnuagiques.com\/en\/wp-json\/wp\/v2\/media?parent=6666"}],"curies":[{"name":"wp","href":"https:\/\/api.w.org\/{rel}","templated":true}]}}