 {"id":5835,"date":"2019-04-16T20:58:43","date_gmt":"2019-04-17T00:58:43","guid":{"rendered":"https:\/\/a7integration.solutionsnuagiques.com\/?page_id=5835"},"modified":"2022-06-27T17:01:07","modified_gmt":"2022-06-27T21:01:07","slug":"about-us","status":"publish","type":"page","link":"https:\/\/a7integration.solutionsnuagiques.com\/en\/about-us\/","title":{"rendered":"About us"},"content":{"rendered":"<p>[vc_row][vc_column][vc_column_text]<\/p>\n<h2>Our mission<\/h2>\n<p>[\/vc_column_text][vc_column_text]<\/p>\n<blockquote><p>To provide advanced engineering and high precision machining services for innovative and complex projects.<\/p><\/blockquote>\n<p>Specialized in <b>engineering<\/b>, <b>machining<\/b> and <b>complex assemblies<\/b>, our multidisciplinary team and modern facilities provide a fully customized turnkey service for the <b>aerospace<\/b>, <b>transportation<\/b>, <b>energy<\/b>, and <b>mining sectors<\/b>.<\/p>\n<p>An extensive network of business partners for all specialized services, processes and treatments allows us to efficiently serve each of our clients. We also focus on <b>innovation<\/b> by <b>developing<\/b> <b>new solutions and<\/b> <b>technologies for our customers<\/b>.[\/vc_column_text]<div class=\"space\"><\/div>[\/vc_column][\/vc_row][vc_row][vc_column][vc_column_text]<\/p>\n<h2>History<\/h2>\n<p>[\/vc_column_text][vc_column_text]Founded in 2013 in Granby, Quebec, by leaders recognized in various industrial fields, A7 Int\u00e9gration continues to experience strong growth. This positions the company among the best choices for\u00a0<b>engineering<\/b>\u00a0projects and\u00a0<b>precision machining<\/b>. The company has obtained\u00a0<b>ISO 9001: 2008\u00a0<\/b>certification in 2014 and\u00a0<b>AS9100<\/b>\u00a0in 2016. The team of more than 100 employees enables projects of exemplary quality to be completed according to schedule. The company serves several major customers in North America and develops the international market.<\/p>\n<blockquote><p>Innovation has always been the key to success at A7 Integration and is behind the strong growth of the company.<\/p><\/blockquote>\n<p>The solutions and new technologies developed by A7 Integration as our remote support system with embedded cameras in our machining centers stand out by offering unique and competitive solutions. The company continues to innovate to ensure its strong position as a single supplier in manufacturing and design.[\/vc_column_text][\/vc_column][\/vc_row][vc_row][vc_column][vc_column_text]<\/p>\n<h2>Social Responsibility<\/h2>\n<blockquote><p>A7 Integration is concerned about health, safety and the environment.<\/p><\/blockquote>\n<p>[\/vc_column_text][\/vc_column][\/vc_row][vc_row][vc_column width=&#8221;1\/3&#8243;][vc_single_image image=&#8221;4551&#8243; img_size=&#8221;full&#8221;][\/vc_column][vc_column width=&#8221;2\/3&#8243;][vc_tta_tabs style=&#8221;modern&#8221; active_section=&#8221;1&#8243;][vc_tta_section title=&#8221;DAILY ACTIONS&#8221; tab_id=&#8221;1551537294409-d4b45bec-37d8&#8243;][vc_column_text]<\/p>\n<h3>All employees shall endeavor to :<\/h3>\n<ul>\n<li>implement actions to reduce waste at source;<\/li>\n<li>reduce the company\u2019s energetic consumption;<\/li>\n<li>reduce water consumption;<\/li>\n<li>keep their work environment clean and safe;<\/li>\n<li>sensitize our business partners about the importance of keeping a safe work environment and to minimize the ecological footprint from their processes;<\/li>\n<li>The company also supports certain causes based on pre-established criteria annually.<\/li>\n<\/ul>\n<p>[\/vc_column_text][\/vc_tta_section][\/vc_tta_tabs][\/vc_column][\/vc_row][vc_row][vc_column]<div class=\"space\"><\/div>[\/vc_column][\/vc_row][vc_row bg_type=&#8221;theme_default&#8221;][vc_column]\t\t<div class=\"promo-box-container\" style=\"background-color: #4da941\">\n\t\t\t<span class=\"triangle\" style=\"border-color: #4da941 transparent\"><\/span>\n\t\t    <div class=\"container\">  \n\t\t      <div class=\"row\">\n\t\t        <div class=\"col-md-12 align-center\">\n\t\t          <div class=\"promo-box \" data-type=\"\">\n\n\t\t            <div class=\"text \">All staff and management will implement concrete actions to reduce the ecological footprint of the company.<\/div>\n\t\t            \t\t            <i class=\"fa fa-leaf\"><\/i>\n\t\t          <\/div>  \n\t\t        <\/div>\n\t\t      <\/div>    \n\t\t    <\/div>   \n\t\t<\/div> \n\t\t<div class=\"space\"><\/div>[\/vc_column][\/vc_row][vc_row][vc_column][vc_column_text]<\/p>\n<h2>Founders<\/h2>\n<p>[\/vc_column_text][\/vc_column][\/vc_row][vc_row][vc_column width=&#8221;1\/2&#8243;][vc_tta_accordion shape=&#8221;square&#8221; c_icon=&#8221;chevron&#8221; active_section=&#8221;100000000&#8243; collapsible_all=&#8221;true&#8221;][vc_tta_section title=&#8221;\u00c9ric Dup\u00e9r\u00e9&#8221; tab_id=&#8221;1480989699560-7032515a-cdd5&#8243;][vc_column_text]Eric Dup\u00e9r\u00e9 has been a businessman and a private investor for over 25 years.<\/p>\n<p>In 1991 he founded BDH Tech, a company specialized in air and liquid filtration. BDH quickly became the leader in Canada. On the international platform, it is renowned for its patented technological innovations.<\/p>\n<p>In 2006, BDH became the North American R&amp;amp;D center of a Suisse group. Afterwards, M. Dup\u00e9r\u00e9 assisted various Quebec companies in restructuring processes, sales and acquisitions, and strategic planning.[\/vc_column_text][\/vc_tta_section][vc_tta_section title=&#8221;Guy N\u00e9ron&#8221; tab_id=&#8221;1480989699741-9e580cea-e1a2&#8243;][vc_column_text]Guy N\u00e9ron has over 30 years of experience in production and project management within large companies. Holder of a bachelor degree in electrical engineering and member of the Ordre des Ing\u00e9nieurs du Qu\u00e9bec, M. N\u00e9ron has been selected for the Corporate Management Development Program of Alcan Canada for his contribution and his dedication to the company&#8217;s success. He has also been a manager of a plant and was a member of the management committee for the same company in the Alcan Cable division. Moreover, M. N\u00e9ron participated in the start-up of a Rio-Tinto Alcan factory in Middle East as a production manager.[\/vc_column_text][\/vc_tta_section][vc_tta_section title=&#8221;Denis Labranche&#8221; tab_id=&#8221;1480989699914-4a134743-4f10&#8243;][vc_column_text]Denis Labranche has over 25 years of experience in the field of design and manufacturing of machined parts. Holder of a bachelor degree in mechanical engineering, M Labranche has been a member of the regrouping of business leaders in the Haute Yamaska region. His knowledge in the various industrial fields makes him an important element to the success and growth of the company.[\/vc_column_text][\/vc_tta_section][vc_tta_section title=&#8221;St\u00e9phane Ouellet&#8221; tab_id=&#8221;1480989700102-17ab28d0-b7fb&#8221;][vc_column_text]Ouellet has over 25 years of experience in manufacturing of machined parts. He first began as a machinist before pursuing his evolution in manufacturing methods and, ultimately, sales director. Holder of a college degree in mechanical engineering and member of the young entrepreneurs of Estrie, M. Ouellet brings an important contribution to the success and growth of the company.[\/vc_column_text][\/vc_tta_section][\/vc_tta_accordion][\/vc_column][vc_column width=&#8221;1\/2&#8243;][vc_tta_accordion shape=&#8221;square&#8221; c_icon=&#8221;chevron&#8221; active_section=&#8221;100000000&#8243; collapsible_all=&#8221;true&#8221;][vc_tta_section title=&#8221;Ren\u00e9e Buonocore&#8221; tab_id=&#8221;1480989322248-4bde902e-2a3c&#8221;][vc_column_text]Ms. Ren\u00e9e Buonocore has over 25 years of experience in production support within large companies. Holder of a bachelor degree in metallurgical engineering and member of the Ordre des Ing\u00e9nieurs du Qu\u00e9bec, Ms. Buonocore has especially worked in the field of quality control, product development and continuous improvement. Her assiduous work and her professional skills led her to be chosen for the Corporate Management Development Program for Alcan Canada in addition to being accredited Black Belt of the Lean Six Sigma program. Ms. Buonocore also participated in the start-up of a Rio-Tinto Alcan factory in Middle East with the responsibility of implementing the continuous improvement program.[\/vc_column_text][\/vc_tta_section][vc_tta_section title=&#8221;Alain Curadeau&#8221; tab_id=&#8221;1480989351186-9d1d067a-cccf&#8221;][vc_column_text]Alain Curadeau has over 30 years of experience in production management and control. Besides being renowned in the industrial environment, his expertise in the fields of machining, assembly and other special processes, such as welding, makes him an expert for solving issues of high complexity.[\/vc_column_text][\/vc_tta_section][vc_tta_section title=&#8221;Tuan Dac Nguyen&#8221; tab_id=&#8221;1480989378050-69fb1dcd-bec3&#8243;][vc_column_text]Tuan Dac Nguyen has over 20 years of experience in manufacturing of machined parts.\u00a0 Recognized for his expertise, he helped develop the training guide for qualified machinists in collaboration with the Quebec government.\u00a0 His expertise and support continues to ensure the quality of our production team.<\/p>\n<p>As a private international investor, Tuan Dac Nguyen chairs state-of-the-art product development teams.[\/vc_column_text][\/vc_tta_section][vc_tta_section title=&#8221;Jean-S\u00e9bastien Pelchat&#8221; tab_id=&#8221;1480989405574-be8f44b1-8ec8&#8243;][vc_column_text]Jean-S\u00e9bastien Pelchat has over 15 years of experience in the manufacturing of machined parts. With college and technical training in machining he started his career in manufacturing engineering which expanded into sales and estimation. His passion, experience and network makes him an asset in the continuing growth of this company.[\/vc_column_text][\/vc_tta_section][\/vc_tta_accordion][\/vc_column][\/vc_row][vc_row][vc_column]<div class=\"space\"><\/div>[vc_column_text el_class=&#8221;slogan&#8221;]<\/p>\n<p>A7 INT\u00c9GRATION |\u00a0PARTENAIRE PAR EXCELLENCE<\/p>\n<p>[\/vc_column_text]<div class=\"space\"><\/div>[\/vc_column][\/vc_row]<\/p>\n","protected":false},"excerpt":{"rendered":"<p>[vc_row][vc_column][vc_column_text] Our mission [\/vc_column_text][vc_column_text] To provide advanced engineering and high<\/p>\n","protected":false},"author":1,"featured_media":0,"parent":0,"menu_order":0,"comment_status":"closed","ping_status":"closed","template":"","meta":[],"yoast_head":"<!-- This site is optimized with the Yoast SEO plugin v19.2 - https:\/\/yoast.com\/wordpress\/plugins\/seo\/ -->\n<title>About us | A7 Integration | Engineering and high precision machining<\/title>\n<meta name=\"description\" content=\"A7 Int\u00e9gration fournit des services d\u2019ing\u00e9nierie et d\u2019usinage de pr\u00e9cision pour diff\u00e9rents secteurs comme l&#039;a\u00e9ronautique ou l&#039;automobile.\" \/>\n<meta name=\"robots\" content=\"noindex, follow, max-snippet:-1, max-image-preview:large, max-video-preview:-1\" \/>\n<meta property=\"og:locale\" content=\"en_US\" \/>\n<meta property=\"og:type\" content=\"article\" \/>\n<meta property=\"og:title\" content=\"About us | A7 Integration | Engineering and high precision machining\" \/>\n<meta property=\"og:description\" content=\"A7 Int\u00e9gration fournit des services d\u2019ing\u00e9nierie et d\u2019usinage de pr\u00e9cision pour diff\u00e9rents secteurs comme l&#039;a\u00e9ronautique ou l&#039;automobile.\" \/>\n<meta property=\"og:url\" content=\"https:\/\/a7integration.solutionsnuagiques.com\/en\/about-us\/\" \/>\n<meta property=\"og:site_name\" content=\"A7 Integration\" \/>\n<meta property=\"article:publisher\" content=\"https:\/\/www.facebook.com\/A7integration\/\" \/>\n<meta property=\"article:modified_time\" content=\"2022-06-27T21:01:07+00:00\" \/>\n<meta property=\"og:image\" content=\"https:\/\/a7integration.solutionsnuagiques.com\/wp-content\/uploads\/logo-a7integration.png\" \/>\n\t<meta property=\"og:image:width\" content=\"300\" \/>\n\t<meta property=\"og:image:height\" content=\"135\" \/>\n\t<meta property=\"og:image:type\" content=\"image\/png\" \/>\n<meta name=\"author\" content=\"a_a7integration\" \/>\n<meta name=\"twitter:card\" content=\"summary\" \/>\n<meta name=\"twitter:label1\" content=\"Est. reading time\" \/>\n\t<meta name=\"twitter:data1\" content=\"5 minutes\" \/>\n<script type=\"application\/ld+json\" class=\"yoast-schema-graph\">{\"@context\":\"https:\/\/schema.org\",\"@graph\":[{\"@type\":\"WebSite\",\"@id\":\"https:\/\/a7integration.solutionsnuagiques.com\/#website\",\"url\":\"https:\/\/a7integration.solutionsnuagiques.com\/\",\"name\":\"A7 Integration\",\"description\":\"Engineering and high precision machining\",\"potentialAction\":[{\"@type\":\"SearchAction\",\"target\":{\"@type\":\"EntryPoint\",\"urlTemplate\":\"https:\/\/a7integration.solutionsnuagiques.com\/?s={search_term_string}\"},\"query-input\":\"required name=search_term_string\"}],\"inLanguage\":\"en-US\"},{\"@type\":\"WebPage\",\"@id\":\"https:\/\/a7integration.solutionsnuagiques.com\/en\/about-us\/#webpage\",\"url\":\"https:\/\/a7integration.solutionsnuagiques.com\/en\/about-us\/\",\"name\":\"About us | A7 Integration | Engineering and high precision machining\",\"isPartOf\":{\"@id\":\"https:\/\/a7integration.solutionsnuagiques.com\/#website\"},\"datePublished\":\"2019-04-17T00:58:43+00:00\",\"dateModified\":\"2022-06-27T21:01:07+00:00\",\"description\":\"A7 Int\u00e9gration fournit des services d\u2019ing\u00e9nierie et d\u2019usinage de pr\u00e9cision pour diff\u00e9rents secteurs comme l'a\u00e9ronautique ou l'automobile.\",\"breadcrumb\":{\"@id\":\"https:\/\/a7integration.solutionsnuagiques.com\/en\/about-us\/#breadcrumb\"},\"inLanguage\":\"en-US\",\"potentialAction\":[{\"@type\":\"ReadAction\",\"target\":[\"https:\/\/a7integration.solutionsnuagiques.com\/en\/about-us\/\"]}]},{\"@type\":\"BreadcrumbList\",\"@id\":\"https:\/\/a7integration.solutionsnuagiques.com\/en\/about-us\/#breadcrumb\",\"itemListElement\":[{\"@type\":\"ListItem\",\"position\":1,\"name\":\"Home\",\"item\":\"https:\/\/a7integration.solutionsnuagiques.com\/en\/\"},{\"@type\":\"ListItem\",\"position\":2,\"name\":\"About us\"}]}]}<\/script>\n<!-- \/ Yoast SEO plugin. -->","yoast_head_json":{"title":"About us | A7 Integration | Engineering and high precision machining","description":"A7 Int\u00e9gration fournit des services d\u2019ing\u00e9nierie et d\u2019usinage de pr\u00e9cision pour diff\u00e9rents secteurs comme l'a\u00e9ronautique ou l'automobile.","robots":{"index":"noindex","follow":"follow","max-snippet":"max-snippet:-1","max-image-preview":"max-image-preview:large","max-video-preview":"max-video-preview:-1"},"og_locale":"en_US","og_type":"article","og_title":"About us | A7 Integration | Engineering and high precision machining","og_description":"A7 Int\u00e9gration fournit des services d\u2019ing\u00e9nierie et d\u2019usinage de pr\u00e9cision pour diff\u00e9rents secteurs comme l'a\u00e9ronautique ou l'automobile.","og_url":"https:\/\/a7integration.solutionsnuagiques.com\/en\/about-us\/","og_site_name":"A7 Integration","article_publisher":"https:\/\/www.facebook.com\/A7integration\/","article_modified_time":"2022-06-27T21:01:07+00:00","og_image":[{"width":300,"height":135,"url":"https:\/\/a7integration.solutionsnuagiques.com\/wp-content\/uploads\/logo-a7integration.png","type":"image\/png"}],"author":"a_a7integration","twitter_card":"summary","twitter_misc":{"Est. reading time":"5 minutes"},"schema":{"@context":"https:\/\/schema.org","@graph":[{"@type":"WebSite","@id":"https:\/\/a7integration.solutionsnuagiques.com\/#website","url":"https:\/\/a7integration.solutionsnuagiques.com\/","name":"A7 Integration","description":"Engineering and high precision machining","potentialAction":[{"@type":"SearchAction","target":{"@type":"EntryPoint","urlTemplate":"https:\/\/a7integration.solutionsnuagiques.com\/?s={search_term_string}"},"query-input":"required name=search_term_string"}],"inLanguage":"en-US"},{"@type":"WebPage","@id":"https:\/\/a7integration.solutionsnuagiques.com\/en\/about-us\/#webpage","url":"https:\/\/a7integration.solutionsnuagiques.com\/en\/about-us\/","name":"About us | A7 Integration | Engineering and high precision machining","isPartOf":{"@id":"https:\/\/a7integration.solutionsnuagiques.com\/#website"},"datePublished":"2019-04-17T00:58:43+00:00","dateModified":"2022-06-27T21:01:07+00:00","description":"A7 Int\u00e9gration fournit des services d\u2019ing\u00e9nierie et d\u2019usinage de pr\u00e9cision pour diff\u00e9rents secteurs comme l'a\u00e9ronautique ou l'automobile.","breadcrumb":{"@id":"https:\/\/a7integration.solutionsnuagiques.com\/en\/about-us\/#breadcrumb"},"inLanguage":"en-US","potentialAction":[{"@type":"ReadAction","target":["https:\/\/a7integration.solutionsnuagiques.com\/en\/about-us\/"]}]},{"@type":"BreadcrumbList","@id":"https:\/\/a7integration.solutionsnuagiques.com\/en\/about-us\/#breadcrumb","itemListElement":[{"@type":"ListItem","position":1,"name":"Home","item":"https:\/\/a7integration.solutionsnuagiques.com\/en\/"},{"@type":"ListItem","position":2,"name":"About us"}]}]}},"_links":{"self":[{"href":"https:\/\/a7integration.solutionsnuagiques.com\/en\/wp-json\/wp\/v2\/pages\/5835"}],"collection":[{"href":"https:\/\/a7integration.solutionsnuagiques.com\/en\/wp-json\/wp\/v2\/pages"}],"about":[{"href":"https:\/\/a7integration.solutionsnuagiques.com\/en\/wp-json\/wp\/v2\/types\/page"}],"author":[{"embeddable":true,"href":"https:\/\/a7integration.solutionsnuagiques.com\/en\/wp-json\/wp\/v2\/users\/1"}],"replies":[{"embeddable":true,"href":"https:\/\/a7integration.solutionsnuagiques.com\/en\/wp-json\/wp\/v2\/comments?post=5835"}],"version-history":[{"count":3,"href":"https:\/\/a7integration.solutionsnuagiques.com\/en\/wp-json\/wp\/v2\/pages\/5835\/revisions"}],"predecessor-version":[{"id":6643,"href":"https:\/\/a7integration.solutionsnuagiques.com\/en\/wp-json\/wp\/v2\/pages\/5835\/revisions\/6643"}],"wp:attachment":[{"href":"https:\/\/a7integration.solutionsnuagiques.com\/en\/wp-json\/wp\/v2\/media?parent=5835"}],"curies":[{"name":"wp","href":"https:\/\/api.w.org\/{rel}","templated":true}]}}