 {"id":5763,"date":"2019-04-16T15:00:43","date_gmt":"2019-04-16T19:00:43","guid":{"rendered":"https:\/\/a7integration.solutionsnuagiques.com\/?page_id=5763"},"modified":"2021-09-08T15:59:47","modified_gmt":"2021-09-08T19:59:47","slug":"complex-tooling","status":"publish","type":"page","link":"https:\/\/a7integration.solutionsnuagiques.com\/en\/piece\/complex-tooling\/","title":{"rendered":"Complex Tooling"},"content":{"rendered":"<p>[vc_row][vc_column width=&#8221;1\/2&#8243;][vc_images_carousel images=&#8221;5613,5626,5628,5630,5632,5634,5621,5726&#8243; img_size=&#8221;full&#8221; onclick=&#8221;link_no&#8221; autoplay=&#8221;yes&#8221; hide_pagination_control=&#8221;yes&#8221; wrap=&#8221;yes&#8221;][\/vc_column][vc_column width=&#8221;1\/2&#8243;][vc_column_text]<\/p>\n<h3>A7 has extensive expertise in the production of complex high precision assemblies:<\/h3>\n<ul>\n<li>Handling Tools<\/li>\n<li>Inspection Tools<\/li>\n<li>Assembly Tools<\/li>\n<li>&#8220;Kitting&#8221;<\/li>\n<\/ul>\n<h4>A7 is able to offer a complete product including:<\/h4>\n<ul>\n<li>Welding (TIG and MIG)<\/li>\n<li>Hydraulic and Pneumatic<\/li>\n<li>Surface Treatment<\/li>\n<li>Heat Treatment<\/li>\n<li>Paint<\/li>\n<\/ul>\n<h4>A7 also offers turnkey projects including design and manufacturing.<\/h4>\n<p>[\/vc_column_text][\/vc_column][\/vc_row][vc_row][vc_column]<div class=\"space30\"><\/div>[vc_column_text css=&#8221;.vc_custom_1555464236103{margin-right: 0px !important;margin-left: 0px !important;border-right-width: 0px !important;border-left-width: 0px !important;padding-top: 20px !important;padding-right: 0px !important;padding-left: 0px !important;}&#8221; el_class=&#8221;slogan&#8221;]<\/p>\n<p class=\"slogan\"><span style=\"color: #e61e2a !important;\">A7 INTEGRATION<\/span> <span style=\"color: #97989a;\">|<\/span> <span style=\"color: #000000;\">PARTNER BY EXCELLENCE<\/span><\/p>\n<p>[\/vc_column_text]<div class=\"space30\"><\/div>[\/vc_column][\/vc_row]<\/p>\n","protected":false},"excerpt":{"rendered":"<p>[vc_row][vc_column width=&#8221;1\/2&#8243;][vc_images_carousel images=&#8221;5613,5626,5628,5630,5632,5634,5621,5726&#8243; img_size=&#8221;full&#8221; onclick=&#8221;link_no&#8221; autoplay=&#8221;yes&#8221; hide_pagination_control=&#8221;yes&#8221; wrap=&#8221;yes&#8221;][\/vc_column][vc_column width=&#8221;1\/2&#8243;][vc_column_text] A7<\/p>\n","protected":false},"author":1,"featured_media":0,"parent":6666,"menu_order":0,"comment_status":"closed","ping_status":"closed","template":"sidebar-a7integration.php","meta":[],"yoast_head":"<!-- This site is optimized with the Yoast SEO plugin v19.2 - https:\/\/yoast.com\/wordpress\/plugins\/seo\/ -->\n<title>Complex Tooling | A7 Integration | Engineering and high precision machining<\/title>\n<meta name=\"description\" content=\"A7 Int\u00e9gration fournit des services d\u2019ing\u00e9nierie et d\u2019usinage de pr\u00e9cision pour diff\u00e9rents secteurs comme l&#039;a\u00e9ronautique ou l&#039;automobile.\" \/>\n<meta name=\"robots\" content=\"noindex, follow, max-snippet:-1, max-image-preview:large, max-video-preview:-1\" \/>\n<meta property=\"og:locale\" content=\"en_US\" \/>\n<meta property=\"og:type\" content=\"article\" \/>\n<meta property=\"og:title\" content=\"Complex Tooling | A7 Integration | Engineering and high precision machining\" \/>\n<meta property=\"og:description\" content=\"A7 Int\u00e9gration fournit des services d\u2019ing\u00e9nierie et d\u2019usinage de pr\u00e9cision pour diff\u00e9rents secteurs comme l&#039;a\u00e9ronautique ou l&#039;automobile.\" \/>\n<meta property=\"og:url\" content=\"https:\/\/a7integration.solutionsnuagiques.com\/en\/piece\/complex-tooling\/\" \/>\n<meta property=\"og:site_name\" content=\"A7 Integration\" \/>\n<meta property=\"article:publisher\" content=\"https:\/\/www.facebook.com\/A7integration\/\" \/>\n<meta property=\"article:modified_time\" content=\"2021-09-08T19:59:47+00:00\" \/>\n<meta property=\"og:image\" content=\"https:\/\/a7integration.solutionsnuagiques.com\/wp-content\/uploads\/logo-a7integration.png\" \/>\n\t<meta property=\"og:image:width\" content=\"300\" \/>\n\t<meta property=\"og:image:height\" content=\"135\" \/>\n\t<meta property=\"og:image:type\" content=\"image\/png\" \/>\n<meta name=\"author\" content=\"a_a7integration\" \/>\n<meta name=\"twitter:card\" content=\"summary\" \/>\n<meta name=\"twitter:label1\" content=\"Est. reading time\" \/>\n\t<meta name=\"twitter:data1\" content=\"1 minute\" \/>\n<script type=\"application\/ld+json\" class=\"yoast-schema-graph\">{\"@context\":\"https:\/\/schema.org\",\"@graph\":[{\"@type\":\"WebSite\",\"@id\":\"https:\/\/a7integration.solutionsnuagiques.com\/#website\",\"url\":\"https:\/\/a7integration.solutionsnuagiques.com\/\",\"name\":\"A7 Integration\",\"description\":\"Engineering and high precision machining\",\"potentialAction\":[{\"@type\":\"SearchAction\",\"target\":{\"@type\":\"EntryPoint\",\"urlTemplate\":\"https:\/\/a7integration.solutionsnuagiques.com\/?s={search_term_string}\"},\"query-input\":\"required name=search_term_string\"}],\"inLanguage\":\"en-US\"},{\"@type\":\"WebPage\",\"@id\":\"https:\/\/a7integration.solutionsnuagiques.com\/en\/piece\/complex-tooling\/#webpage\",\"url\":\"https:\/\/a7integration.solutionsnuagiques.com\/en\/piece\/complex-tooling\/\",\"name\":\"Complex Tooling | A7 Integration | Engineering and high precision machining\",\"isPartOf\":{\"@id\":\"https:\/\/a7integration.solutionsnuagiques.com\/#website\"},\"datePublished\":\"2019-04-16T19:00:43+00:00\",\"dateModified\":\"2021-09-08T19:59:47+00:00\",\"description\":\"A7 Int\u00e9gration fournit des services d\u2019ing\u00e9nierie et d\u2019usinage de pr\u00e9cision pour diff\u00e9rents secteurs comme l'a\u00e9ronautique ou l'automobile.\",\"breadcrumb\":{\"@id\":\"https:\/\/a7integration.solutionsnuagiques.com\/en\/piece\/complex-tooling\/#breadcrumb\"},\"inLanguage\":\"en-US\",\"potentialAction\":[{\"@type\":\"ReadAction\",\"target\":[\"https:\/\/a7integration.solutionsnuagiques.com\/en\/piece\/complex-tooling\/\"]}]},{\"@type\":\"BreadcrumbList\",\"@id\":\"https:\/\/a7integration.solutionsnuagiques.com\/en\/piece\/complex-tooling\/#breadcrumb\",\"itemListElement\":[{\"@type\":\"ListItem\",\"position\":1,\"name\":\"Home\",\"item\":\"https:\/\/a7integration.solutionsnuagiques.com\/en\/\"},{\"@type\":\"ListItem\",\"position\":2,\"name\":\"Piece\",\"item\":\"https:\/\/a7integration.solutionsnuagiques.com\/en\/piece\/\"},{\"@type\":\"ListItem\",\"position\":3,\"name\":\"Complex Tooling\"}]}]}<\/script>\n<!-- \/ Yoast SEO plugin. -->","yoast_head_json":{"title":"Complex Tooling | A7 Integration | Engineering and high precision machining","description":"A7 Int\u00e9gration fournit des services d\u2019ing\u00e9nierie et d\u2019usinage de pr\u00e9cision pour diff\u00e9rents secteurs comme l'a\u00e9ronautique ou l'automobile.","robots":{"index":"noindex","follow":"follow","max-snippet":"max-snippet:-1","max-image-preview":"max-image-preview:large","max-video-preview":"max-video-preview:-1"},"og_locale":"en_US","og_type":"article","og_title":"Complex Tooling | A7 Integration | Engineering and high precision machining","og_description":"A7 Int\u00e9gration fournit des services d\u2019ing\u00e9nierie et d\u2019usinage de pr\u00e9cision pour diff\u00e9rents secteurs comme l'a\u00e9ronautique ou l'automobile.","og_url":"https:\/\/a7integration.solutionsnuagiques.com\/en\/piece\/complex-tooling\/","og_site_name":"A7 Integration","article_publisher":"https:\/\/www.facebook.com\/A7integration\/","article_modified_time":"2021-09-08T19:59:47+00:00","og_image":[{"width":300,"height":135,"url":"https:\/\/a7integration.solutionsnuagiques.com\/wp-content\/uploads\/logo-a7integration.png","type":"image\/png"}],"author":"a_a7integration","twitter_card":"summary","twitter_misc":{"Est. reading time":"1 minute"},"schema":{"@context":"https:\/\/schema.org","@graph":[{"@type":"WebSite","@id":"https:\/\/a7integration.solutionsnuagiques.com\/#website","url":"https:\/\/a7integration.solutionsnuagiques.com\/","name":"A7 Integration","description":"Engineering and high precision machining","potentialAction":[{"@type":"SearchAction","target":{"@type":"EntryPoint","urlTemplate":"https:\/\/a7integration.solutionsnuagiques.com\/?s={search_term_string}"},"query-input":"required name=search_term_string"}],"inLanguage":"en-US"},{"@type":"WebPage","@id":"https:\/\/a7integration.solutionsnuagiques.com\/en\/piece\/complex-tooling\/#webpage","url":"https:\/\/a7integration.solutionsnuagiques.com\/en\/piece\/complex-tooling\/","name":"Complex Tooling | A7 Integration | Engineering and high precision machining","isPartOf":{"@id":"https:\/\/a7integration.solutionsnuagiques.com\/#website"},"datePublished":"2019-04-16T19:00:43+00:00","dateModified":"2021-09-08T19:59:47+00:00","description":"A7 Int\u00e9gration fournit des services d\u2019ing\u00e9nierie et d\u2019usinage de pr\u00e9cision pour diff\u00e9rents secteurs comme l'a\u00e9ronautique ou l'automobile.","breadcrumb":{"@id":"https:\/\/a7integration.solutionsnuagiques.com\/en\/piece\/complex-tooling\/#breadcrumb"},"inLanguage":"en-US","potentialAction":[{"@type":"ReadAction","target":["https:\/\/a7integration.solutionsnuagiques.com\/en\/piece\/complex-tooling\/"]}]},{"@type":"BreadcrumbList","@id":"https:\/\/a7integration.solutionsnuagiques.com\/en\/piece\/complex-tooling\/#breadcrumb","itemListElement":[{"@type":"ListItem","position":1,"name":"Home","item":"https:\/\/a7integration.solutionsnuagiques.com\/en\/"},{"@type":"ListItem","position":2,"name":"Piece","item":"https:\/\/a7integration.solutionsnuagiques.com\/en\/piece\/"},{"@type":"ListItem","position":3,"name":"Complex Tooling"}]}]}},"_links":{"self":[{"href":"https:\/\/a7integration.solutionsnuagiques.com\/en\/wp-json\/wp\/v2\/pages\/5763"}],"collection":[{"href":"https:\/\/a7integration.solutionsnuagiques.com\/en\/wp-json\/wp\/v2\/pages"}],"about":[{"href":"https:\/\/a7integration.solutionsnuagiques.com\/en\/wp-json\/wp\/v2\/types\/page"}],"author":[{"embeddable":true,"href":"https:\/\/a7integration.solutionsnuagiques.com\/en\/wp-json\/wp\/v2\/users\/1"}],"replies":[{"embeddable":true,"href":"https:\/\/a7integration.solutionsnuagiques.com\/en\/wp-json\/wp\/v2\/comments?post=5763"}],"version-history":[{"count":2,"href":"https:\/\/a7integration.solutionsnuagiques.com\/en\/wp-json\/wp\/v2\/pages\/5763\/revisions"}],"predecessor-version":[{"id":6557,"href":"https:\/\/a7integration.solutionsnuagiques.com\/en\/wp-json\/wp\/v2\/pages\/5763\/revisions\/6557"}],"up":[{"embeddable":true,"href":"https:\/\/a7integration.solutionsnuagiques.com\/en\/wp-json\/wp\/v2\/pages\/6666"}],"wp:attachment":[{"href":"https:\/\/a7integration.solutionsnuagiques.com\/en\/wp-json\/wp\/v2\/media?parent=5763"}],"curies":[{"name":"wp","href":"https:\/\/api.w.org\/{rel}","templated":true}]}}