 {"id":4783,"date":"2017-01-25T10:19:47","date_gmt":"2017-01-25T15:19:47","guid":{"rendered":"http:\/\/www.a7integration.com\/?page_id=4783\/"},"modified":"2021-09-07T14:09:40","modified_gmt":"2021-09-07T18:09:40","slug":"career","status":"publish","type":"page","link":"https:\/\/a7integration.solutionsnuagiques.com\/en\/career\/","title":{"rendered":"Career"},"content":{"rendered":"<p>[vc_row][vc_column]<div class=\"space25\"><\/div>[\/vc_column][\/vc_row][vc_row][vc_column width=&#8221;1\/2&#8243;][vc_single_image image=&#8221;4426&#8243; img_size=&#8221;&#8221; alignment=&#8221;center&#8221; css=&#8221;.vc_custom_1553794382699{margin-bottom: 12px !important;}&#8221;][vc_empty_space height=&#8221;20&#8243;][vc_column_text]<\/p>\n<h3>Available positions<\/h3>\n<p>[\/vc_column_text][vc_tta_accordion active_section=&#8221;00000&#8243; collapsible_all=&#8221;true&#8221;][vc_tta_section title=&#8221;Programmeur CNC&#8221; tab_id=&#8221;1520528164176-dfb84921-7ea4&#8243;][vc_column_text]<\/p>\n<h4>Principale responsabilit\u00e9<\/h4>\n<p>Sous la direction du directeur de l\u2019ing\u00e9nierie de fabrication, le programmeur CNC voit \u00e0 la programmation des machines CNC, \u00e0 l\u2019am\u00e9lioration continue des m\u00e9thodes de fabrication de pi\u00e8ces usin\u00e9es et d\u2019assemblages complexes dans les domaines de l\u2019a\u00e9ronautique, du m\u00e9dical, du transport ou de l\u2019industrie en g\u00e9n\u00e9ral, et ce, en respectant les normes de qualit\u00e9, de co\u00fbts et de d\u00e9lais.<\/p>\n<h4>Principales t\u00e2ches<\/h4>\n<p>Programmer les machines CNC et pr\u00e9parer la documentation relative aux programmes(instructions de travail, dessins, plan montage, feuille outil\/op\u00e9ration)<\/p>\n<p>Optimiser les proc\u00e9d\u00e9s et r\u00e9soudre les probl\u00e8mes techniques en collaboration avec les op\u00e9rations<\/p>\n<p>Effectuer le suivi des projets en cours et apporter le soutien et les ajustements requis<\/p>\n<p>Concevoir des fixtures et outils gabarits<\/p>\n<p>D\u00e9terminer l\u2019outillage sp\u00e9cifique n\u00e9cessaire et effectuer les r\u00e9quisitions internes de mati\u00e8res et d\u2019outils<\/p>\n<p>G\u00e9rer et appliquer les m\u00e9thodes d\u2019am\u00e9lioration continue<\/p>\n<p>Accomplir toute autre t\u00e2che qui lui sera confi\u00e9e par le directeur des m\u00e9thodes.<\/p>\n<h4>Comp\u00e9tences recherch\u00e9es<\/h4>\n<p>Rigueur dans l\u2019ex\u00e9cution et souci de la qualit\u00e9 du travail accompli<\/p>\n<p>Esprit d\u2019analyse et de synth\u00e8se<\/p>\n<p>Capacit\u00e9 de travailler dans un environnement en constant changement<\/p>\n<p>Capacit\u00e9 \u00e0 solutionner des probl\u00e8mes dans le souci des r\u00e8gles de l\u2019art<\/p>\n<p>Capacit\u00e9 de travailler harmonieusement en \u00e9quipe multidisciplinaire<\/p>\n<p>Orient\u00e9 s\u00e9curit\u00e9<\/p>\n<h4>Exigences requises<\/h4>\n<p>DEC en g\u00e9nie m\u00e9canique ou autre discipline pertinente et 3 \u00e0 5 ans d\u2019exp\u00e9rience professionnelle pertinente<\/p>\n<p>Baccalaur\u00e9at en g\u00e9nie m\u00e9canique ou dans une autre discipline pertinente<\/p>\n<p>Ma\u00eetrise de la lecture de dessins techniques<\/p>\n<p>Expertise en m\u00e9thodologies d\u2019usinage<\/p>\n<p>Expertise dans les domaines d\u2019activit\u00e9s de l\u2019entreprise (atout)<\/p>\n<p>Ma\u00eetrise du logiciel NX (atout)<\/p>\n<p>Bonne aptitude en fran\u00e7ais\/anglais, \u00e9crit et parl\u00e9 (3\/5)[\/vc_column_text][\/vc_tta_section][vc_tta_section title=&#8221;Machiniste &#8211; pi\u00e8ces unitaires CNC 5 axes&#8221; tab_id=&#8221;1504725989655-11357a78-82bb&#8221;][vc_column_text]<\/p>\n<h4>Principale responsabilit\u00e9<\/h4>\n<p>Sous la direction du directeur de production, le machiniste de pi\u00e8ces unitaires r\u00e8gle et conduit diverses machines-outils de fabrication de pi\u00e8ces usin\u00e9es et d\u2019assemblages complexes dans les domaines de l\u2019a\u00e9ronautique, du m\u00e9dical, du transport ou de l\u2019industrie en g\u00e9n\u00e9ral. Il v\u00e9rifie les pi\u00e8ces usin\u00e9es afin d\u2019assurer le maintien des normes de qualit\u00e9.<\/p>\n<h4>Principales t\u00e2ches<\/h4>\n<p align=\"left\">Prendre connaissance de la documentation de fabrication avant de d\u00e9buter le travail<\/p>\n<p>Assurer un maximum d\u2019efficacit\u00e9 afin de r\u00e9duire les co\u00fbts d\u2019op\u00e9ration lors de la fabrication des pi\u00e8ces<\/p>\n<p align=\"left\">Optimiser les programmes en relevant tout \u00e9cart par rapport aux sp\u00e9cifications du projet et aux tol\u00e9rances<\/p>\n<p>Signaler toute d\u00e9fectuosit\u00e9 d\u2019\u00e9quipement au directeur de production et prendre les moyens appropri\u00e9s pour y rem\u00e9dier<\/p>\n<p align=\"left\">Appliquer les proc\u00e9dures d\u2019\u00e9chantillonnage et les gabarits de v\u00e9rification des pi\u00e8ces en cours de production<\/p>\n<p>Participer \u00e0 am\u00e9liorer la productivit\u00e9 du d\u00e9partement<\/p>\n<p>V\u00e9rifier la qualit\u00e9 des pi\u00e8ces produites pour s\u2019assurer de leur conformit\u00e9 quant \u00e0 leur forme, leurs dimensions ou autres normes exig\u00e9es et documenter au rapport d\u2019inspection<\/p>\n<p align=\"left\">Effectuer toutes les t\u00e2ches en conformit\u00e9 avec les consignes de s\u00e9curit\u00e9<\/p>\n<p align=\"left\">Effectuer l\u2019entretien de base des \u00e9quipements<\/p>\n<p align=\"left\">Nettoyer de fa\u00e7on r\u00e9guli\u00e8re son environnement de travail<\/p>\n<p align=\"left\"><strong>Comp\u00e9tences recherch\u00e9es<\/strong><\/p>\n<p align=\"left\">Rigueur dans l\u2019ex\u00e9cution et souci de la qualit\u00e9 du travail accompli<\/p>\n<p align=\"left\">Souci du d\u00e9tail et de la minutie<\/p>\n<p align=\"left\">Flexibilit\u00e9 et disponibilit\u00e9<\/p>\n<p align=\"left\">Sens logique<\/p>\n<p align=\"left\">Sens de l\u2019observation et de l\u2019initiative<\/p>\n<p align=\"left\">Sens des responsabilit\u00e9s<\/p>\n<p align=\"left\">Capacit\u00e9 de travailler harmonieusement en \u00e9quipe multidisciplinaire<\/p>\n<p align=\"left\">Orient\u00e9 s\u00e9curit\u00e9<\/p>\n<h4>Exigences requises<\/h4>\n<p align=\"left\">DEP en usinage, ASP CNC ou Technique en g\u00e9nie m\u00e9canique<\/p>\n<p align=\"left\">5 ann\u00e9es d\u2019exp\u00e9rience en usinage<\/p>\n<p align=\"left\">Expertise dans les domaines d\u2019activit\u00e9s de l\u2019entreprise (atout)<\/p>\n<p align=\"left\">Ma\u00eetrise de la lecture de plans<\/p>\n<p align=\"left\">Comp\u00e9tence de base en m\u00e9trologie<\/p>\n<p>\u00catre en mesure de programmer en mode manuel[\/vc_column_text][\/vc_tta_section][\/vc_tta_accordion][vc_column_text][\/vc_column_text][\/vc_column][vc_column width=&#8221;1\/2&#8243;][vc_single_image image=&#8221;6496&#8243; img_size=&#8221;&#8221; alignment=&#8221;center&#8221; css=&#8221;.vc_custom_1631038178886{margin-bottom: 12px !important;}&#8221;][vc_empty_space height=&#8221;20&#8243;][vc_column_text]<\/p>\n<h3>Available positions<\/h3>\n<p>[\/vc_column_text][vc_tta_accordion active_section=&#8221;00000&#8243; collapsible_all=&#8221;true&#8221;][vc_tta_section title=&#8221;Concepteur&#8221; tab_id=&#8221;1509980859571-df59c2fb-7d37&#8243;][vc_column_text]<strong>Principale responsabilit\u00e9<\/strong><\/p>\n<p>Conceptualiser des solutions techniques en fonction des besoins et requis du client<\/p>\n<p><strong>Principales t\u00e2che<\/strong><\/p>\n<p>Discuter et d\u00e9finir le cahier des charges avec le client<\/p>\n<p>Mod\u00e9liser les concepts et pr\u00e9parer les dessins techniques avec un logiciel CAO<\/p>\n<p>R\u00e9aliser et participer \u00e0 des revues de conception avec le client<\/p>\n<p>Supporter les activit\u00e9s de fabrication lors de la mise en \u0153uvre des projets<\/p>\n<p>R\u00e9diger de la documentation technique en lien avec les projets<\/p>\n<p>Assurer un suivi et maintenir les communications avec le client<\/p>\n<p><strong>Profil recherch\u00e9<\/strong><\/p>\n<p>Capacit\u00e9 \u00e0 voir les probl\u00e8mes dans leur ensemble<\/p>\n<p>Capacit\u00e9 \u00e0 apprendre rapidement<\/p>\n<p>Habilit\u00e9 \u00e0 solutionner des probl\u00e8mes complexes<\/p>\n<p>Capacit\u00e9 \u00e0 innover et \u00e0 proposer des solutions sortant des sentiers battus<\/p>\n<p>Rigueur dans l\u2019ex\u00e9cution et souci de la qualit\u00e9 du travail accompli<\/p>\n<p>Capacit\u00e9 \u00e0 g\u00e9rer efficacement son temps et ses priorit\u00e9s<\/p>\n<p>Capacit\u00e9 \u00e0 g\u00e9rer la pression<\/p>\n<p>Capacit\u00e9 \u00e0 travailler harmonieusement en \u00e9quipe multidisciplinaire<\/p>\n<p>Capacit\u00e9 \u00e0 travailler dans un environnement en constant changement<\/p>\n<p>Excellente capacit\u00e9 \u00e0 communiquer professionnellement<\/p>\n<p><strong>Exigences requises<\/strong><\/p>\n<p>Technique ou baccalaur\u00e9at en g\u00e9nie m\u00e9canique<\/p>\n<p>Minimum de 5 ans d\u2019exp\u00e9rience pertinente en lien avec le poste<\/p>\n<p>Exp\u00e9rience dans le domaine de la fabrication (atout)<\/p>\n<p>Ma\u00eetrise du logiciel NX ou Catia (atout)<\/p>\n<p>Bilingue, tant \u00e0 l\u2019oral qu\u2019\u00e0 l\u2019\u00e9crit (fran\u00e7ais et anglais)<\/p>\n<p>Ouverture \u00e0 int\u00e9grer des nouvelles \u00e9quipes de travail en entreprise pour des p\u00e9riodes de quelques mois (impartition)[\/vc_column_text][\/vc_tta_section][vc_tta_section title=&#8221;Ing\u00e9nieur m\u00e9canique&#8221; tab_id=&#8221;1509981275525-10dc6280-de10&#8243;][vc_column_text]<strong>Principale responsabilit\u00e9 <\/strong><\/p>\n<p>Concevoir, d\u00e9velopper et valider les composantes m\u00e9caniques d\u2019un produit<\/p>\n<p><strong>Principales t\u00e2ches<\/strong><\/p>\n<p>Discuter et d\u00e9finir le cahier des charges avec le client<\/p>\n<p>Mod\u00e9liser les concepts et pr\u00e9parer les dessins techniques avec un logiciel CAO<\/p>\n<p>R\u00e9aliser les simulations num\u00e9riques \u00e0 l\u2019aide d\u2019un logiciel d\u2019analyse par \u00e9l\u00e9ments finis (FEA)<\/p>\n<p>R\u00e9aliser et participer \u00e0 des revues de conception avec le client<\/p>\n<p>Supporter les activit\u00e9s de fabrication lors de la mise en \u0153uvre des projets<\/p>\n<p>R\u00e9diger de la documentation technique en lien avec les projets<\/p>\n<p><strong>Profil recherch\u00e9<\/strong><\/p>\n<p>Capacit\u00e9 \u00e0 voir les probl\u00e8mes dans leur ensemble<\/p>\n<p>Capacit\u00e9 \u00e0 apprendre rapidement<\/p>\n<p>Habilit\u00e9 \u00e0 solutionner des probl\u00e8mes complexes<\/p>\n<p>Capacit\u00e9 \u00e0 innover et \u00e0 proposer des solutions sortant des sentiers battus<\/p>\n<p>Rigueur dans l\u2019ex\u00e9cution et souci de la qualit\u00e9 du travail accompli<\/p>\n<p>Capacit\u00e9 \u00e0 g\u00e9rer efficacement son temps et ses priorit\u00e9s<\/p>\n<p>Capacit\u00e9 \u00e0 g\u00e9rer la pression<\/p>\n<p>Capacit\u00e9 \u00e0 travailler harmonieusement en \u00e9quipe multidisciplinaire<\/p>\n<p>Capacit\u00e9 \u00e0 travailler dans un environnement en constant changement<\/p>\n<p>Excellente capacit\u00e9 \u00e0 communiquer professionnellement<\/p>\n<p><strong>Exigences requises<\/strong><\/p>\n<p>Baccalaur\u00e9at en g\u00e9nie m\u00e9canique<\/p>\n<p>Membre de l\u2019Ordre des ing\u00e9nieurs du Qu\u00e9bec (OIQ)<\/p>\n<p>Minimum de 5 ans d\u2019exp\u00e9rience pertinente en lien avec le poste<\/p>\n<p>Exp\u00e9rience dans le domaine de la fabrication (atout)<\/p>\n<p>Ma\u00eetrise d\u2019un logiciel de mod\u00e9lisation 3D\/2D<\/p>\n<p>Ma\u00eetrise du logiciel NX ou Catia (atout)<\/p>\n<p>Ma\u00eetrise d\u2019un logiciel d\u2019analyses par \u00e9l\u00e9ments finis (FEA)<\/p>\n<p>Exp\u00e9rience en programmation Python (atout)<\/p>\n<p>Bilingue, tant \u00e0 l\u2019oral qu\u2019\u00e0 l\u2019\u00e9crit (fran\u00e7ais et anglais)<\/p>\n<p>Ouverture \u00e0 int\u00e9grer des nouvelles \u00e9quipes de travail en entreprise pour des p\u00e9riodes de quelques mois (impartition)[\/vc_column_text][\/vc_tta_section][\/vc_tta_accordion][\/vc_column][\/vc_row][vc_row][vc_column][vc_empty_space height=&#8221;20&#8243;][vc_text_separator title=&#8221;Remote Working&#8221; style=&#8221;style5&#8243;][vc_column_text]\u00d8A7 has developed a remote work system that allows all employees, both factory and office, to communicate with each other via an interactive teleconference system. This unique system allows office workers to work offsite and gives them great flexibility.[\/vc_column_text][vc_empty_space height=&#8221;20&#8243;][vc_text_separator title=&#8221;Continuous Training Program&#8221; style=&#8221;style5&#8243;][vc_column_text]A7 values \u200b\u200bcontinuing education and reimburses professional dues such as the contribution of the Ordre des Ing\u00e9nieurs du Qu\u00e9bec when the position requires it.<\/p>\n<p>A7 offers a custom machinist training program with official recognition<\/p>\n<p>A7 covers vocational training relevant to the job, and ensures the maintenance of skills through peer support.[\/vc_column_text][vc_empty_space height=&#8221;20&#8243;][vc_text_separator title=&#8221;Living Environment&#8221; style=&#8221;style5&#8243;][vc_column_text]Discover the attractions of the region\u2026 <a href=\"https:\/\/granby-profitez.com\/\" target=\"_blank\" rel=\"noopener noreferrer\"><img class=\"size-full wp-image-5325\" style=\"margin-left: 20px !important;\" src=\"https:\/\/a7integration.solutionsnuagiques.com\/wp-content\/uploads\/logo-granby-profitez.png\" alt=\"\" width=\"130\" srcset=\"https:\/\/a7integration.solutionsnuagiques.com\/wp-content\/uploads\/logo-granby-profitez.png 203w, https:\/\/a7integration.solutionsnuagiques.com\/wp-content\/uploads\/logo-granby-profitez-200x93.png 200w, https:\/\/a7integration.solutionsnuagiques.com\/wp-content\/uploads\/logo-granby-profitez-150x69.png 150w\" sizes=\"(max-width: 203px) 100vw, 203px\" \/><\/a>[\/vc_column_text][\/vc_column][\/vc_row]<\/p>\n","protected":false},"excerpt":{"rendered":"<p>[vc_row][vc_column][\/vc_column][\/vc_row][vc_row][vc_column width=&#8221;1\/2&#8243;][vc_single_image image=&#8221;4426&#8243; img_size=&#8221;&#8221; alignment=&#8221;center&#8221; css=&#8221;.vc_custom_1553794382699{margin-bottom: 12px !important;}&#8221;][vc_empty_space height=&#8221;20&#8243;][vc_column_text] Available<\/p>\n","protected":false},"author":1,"featured_media":0,"parent":0,"menu_order":6,"comment_status":"closed","ping_status":"closed","template":"","meta":[],"yoast_head":"<!-- This site is optimized with the Yoast SEO plugin v19.2 - https:\/\/yoast.com\/wordpress\/plugins\/seo\/ -->\n<title>Career | A7 Integration | Engineering and high precision machining<\/title>\n<meta name=\"description\" content=\"A7 Integration provide engineering, machining and assembly solutions for a wide range of industries, including aerospace or automotive.\" \/>\n<meta name=\"robots\" content=\"noindex, follow, max-snippet:-1, max-image-preview:large, max-video-preview:-1\" \/>\n<meta property=\"og:locale\" content=\"en_US\" \/>\n<meta property=\"og:type\" content=\"article\" \/>\n<meta property=\"og:title\" content=\"Career | A7 Integration | Engineering and high precision machining\" \/>\n<meta property=\"og:description\" content=\"A7 Integration provide engineering, machining and assembly solutions for a wide range of industries, including aerospace or automotive.\" \/>\n<meta property=\"og:url\" content=\"https:\/\/a7integration.solutionsnuagiques.com\/en\/career\/\" \/>\n<meta property=\"og:site_name\" content=\"A7 Integration\" \/>\n<meta property=\"article:publisher\" content=\"https:\/\/www.facebook.com\/A7integration\/\" \/>\n<meta property=\"article:modified_time\" content=\"2021-09-07T18:09:40+00:00\" \/>\n<meta property=\"og:image\" content=\"https:\/\/a7integration.solutionsnuagiques.com\/wp-content\/uploads\/logo-granby-profitez.png\" \/>\n<meta name=\"author\" content=\"a_a7integration\" \/>\n<meta name=\"twitter:card\" content=\"summary\" \/>\n<meta name=\"twitter:label1\" content=\"Est. reading time\" \/>\n\t<meta name=\"twitter:data1\" content=\"6 minutes\" \/>\n<script type=\"application\/ld+json\" class=\"yoast-schema-graph\">{\"@context\":\"https:\/\/schema.org\",\"@graph\":[{\"@type\":\"WebSite\",\"@id\":\"https:\/\/a7integration.solutionsnuagiques.com\/#website\",\"url\":\"https:\/\/a7integration.solutionsnuagiques.com\/\",\"name\":\"A7 Integration\",\"description\":\"Engineering and high precision machining\",\"potentialAction\":[{\"@type\":\"SearchAction\",\"target\":{\"@type\":\"EntryPoint\",\"urlTemplate\":\"https:\/\/a7integration.solutionsnuagiques.com\/?s={search_term_string}\"},\"query-input\":\"required name=search_term_string\"}],\"inLanguage\":\"en-US\"},{\"@type\":\"ImageObject\",\"inLanguage\":\"en-US\",\"@id\":\"https:\/\/a7integration.solutionsnuagiques.com\/en\/career\/#primaryimage\",\"url\":\"https:\/\/a7integration.solutionsnuagiques.com\/wp-content\/uploads\/logo-granby-profitez.png\",\"contentUrl\":\"https:\/\/a7integration.solutionsnuagiques.com\/wp-content\/uploads\/logo-granby-profitez.png\",\"width\":203,\"height\":93},{\"@type\":\"WebPage\",\"@id\":\"https:\/\/a7integration.solutionsnuagiques.com\/en\/career\/#webpage\",\"url\":\"https:\/\/a7integration.solutionsnuagiques.com\/en\/career\/\",\"name\":\"Career | A7 Integration | Engineering and high precision machining\",\"isPartOf\":{\"@id\":\"https:\/\/a7integration.solutionsnuagiques.com\/#website\"},\"primaryImageOfPage\":{\"@id\":\"https:\/\/a7integration.solutionsnuagiques.com\/en\/career\/#primaryimage\"},\"datePublished\":\"2017-01-25T15:19:47+00:00\",\"dateModified\":\"2021-09-07T18:09:40+00:00\",\"description\":\"A7 Integration provide engineering, machining and assembly solutions for a wide range of industries, including aerospace or automotive.\",\"breadcrumb\":{\"@id\":\"https:\/\/a7integration.solutionsnuagiques.com\/en\/career\/#breadcrumb\"},\"inLanguage\":\"en-US\",\"potentialAction\":[{\"@type\":\"ReadAction\",\"target\":[\"https:\/\/a7integration.solutionsnuagiques.com\/en\/career\/\"]}]},{\"@type\":\"BreadcrumbList\",\"@id\":\"https:\/\/a7integration.solutionsnuagiques.com\/en\/career\/#breadcrumb\",\"itemListElement\":[{\"@type\":\"ListItem\",\"position\":1,\"name\":\"Home\",\"item\":\"https:\/\/a7integration.solutionsnuagiques.com\/en\/\"},{\"@type\":\"ListItem\",\"position\":2,\"name\":\"Career\"}]}]}<\/script>\n<!-- \/ Yoast SEO plugin. -->","yoast_head_json":{"title":"Career | A7 Integration | Engineering and high precision machining","description":"A7 Integration provide engineering, machining and assembly solutions for a wide range of industries, including aerospace or automotive.","robots":{"index":"noindex","follow":"follow","max-snippet":"max-snippet:-1","max-image-preview":"max-image-preview:large","max-video-preview":"max-video-preview:-1"},"og_locale":"en_US","og_type":"article","og_title":"Career | A7 Integration | Engineering and high precision machining","og_description":"A7 Integration provide engineering, machining and assembly solutions for a wide range of industries, including aerospace or automotive.","og_url":"https:\/\/a7integration.solutionsnuagiques.com\/en\/career\/","og_site_name":"A7 Integration","article_publisher":"https:\/\/www.facebook.com\/A7integration\/","article_modified_time":"2021-09-07T18:09:40+00:00","og_image":[{"url":"https:\/\/a7integration.solutionsnuagiques.com\/wp-content\/uploads\/logo-granby-profitez.png"}],"author":"a_a7integration","twitter_card":"summary","twitter_misc":{"Est. reading time":"6 minutes"},"schema":{"@context":"https:\/\/schema.org","@graph":[{"@type":"WebSite","@id":"https:\/\/a7integration.solutionsnuagiques.com\/#website","url":"https:\/\/a7integration.solutionsnuagiques.com\/","name":"A7 Integration","description":"Engineering and high precision machining","potentialAction":[{"@type":"SearchAction","target":{"@type":"EntryPoint","urlTemplate":"https:\/\/a7integration.solutionsnuagiques.com\/?s={search_term_string}"},"query-input":"required name=search_term_string"}],"inLanguage":"en-US"},{"@type":"ImageObject","inLanguage":"en-US","@id":"https:\/\/a7integration.solutionsnuagiques.com\/en\/career\/#primaryimage","url":"https:\/\/a7integration.solutionsnuagiques.com\/wp-content\/uploads\/logo-granby-profitez.png","contentUrl":"https:\/\/a7integration.solutionsnuagiques.com\/wp-content\/uploads\/logo-granby-profitez.png","width":203,"height":93},{"@type":"WebPage","@id":"https:\/\/a7integration.solutionsnuagiques.com\/en\/career\/#webpage","url":"https:\/\/a7integration.solutionsnuagiques.com\/en\/career\/","name":"Career | A7 Integration | Engineering and high precision machining","isPartOf":{"@id":"https:\/\/a7integration.solutionsnuagiques.com\/#website"},"primaryImageOfPage":{"@id":"https:\/\/a7integration.solutionsnuagiques.com\/en\/career\/#primaryimage"},"datePublished":"2017-01-25T15:19:47+00:00","dateModified":"2021-09-07T18:09:40+00:00","description":"A7 Integration provide engineering, machining and assembly solutions for a wide range of industries, including aerospace or automotive.","breadcrumb":{"@id":"https:\/\/a7integration.solutionsnuagiques.com\/en\/career\/#breadcrumb"},"inLanguage":"en-US","potentialAction":[{"@type":"ReadAction","target":["https:\/\/a7integration.solutionsnuagiques.com\/en\/career\/"]}]},{"@type":"BreadcrumbList","@id":"https:\/\/a7integration.solutionsnuagiques.com\/en\/career\/#breadcrumb","itemListElement":[{"@type":"ListItem","position":1,"name":"Home","item":"https:\/\/a7integration.solutionsnuagiques.com\/en\/"},{"@type":"ListItem","position":2,"name":"Career"}]}]}},"_links":{"self":[{"href":"https:\/\/a7integration.solutionsnuagiques.com\/en\/wp-json\/wp\/v2\/pages\/4783"}],"collection":[{"href":"https:\/\/a7integration.solutionsnuagiques.com\/en\/wp-json\/wp\/v2\/pages"}],"about":[{"href":"https:\/\/a7integration.solutionsnuagiques.com\/en\/wp-json\/wp\/v2\/types\/page"}],"author":[{"embeddable":true,"href":"https:\/\/a7integration.solutionsnuagiques.com\/en\/wp-json\/wp\/v2\/users\/1"}],"replies":[{"embeddable":true,"href":"https:\/\/a7integration.solutionsnuagiques.com\/en\/wp-json\/wp\/v2\/comments?post=4783"}],"version-history":[{"count":1,"href":"https:\/\/a7integration.solutionsnuagiques.com\/en\/wp-json\/wp\/v2\/pages\/4783\/revisions"}],"predecessor-version":[{"id":6498,"href":"https:\/\/a7integration.solutionsnuagiques.com\/en\/wp-json\/wp\/v2\/pages\/4783\/revisions\/6498"}],"wp:attachment":[{"href":"https:\/\/a7integration.solutionsnuagiques.com\/en\/wp-json\/wp\/v2\/media?parent=4783"}],"curies":[{"name":"wp","href":"https:\/\/api.w.org\/{rel}","templated":true}]}}