 {"id":4327,"date":"2014-06-20T13:50:00","date_gmt":"2014-06-20T17:50:00","guid":{"rendered":"http:\/\/www.a7integration.com\/?page_id=4327"},"modified":"2019-11-22T16:22:14","modified_gmt":"2019-11-22T21:22:14","slug":"accueil-3","status":"publish","type":"page","link":"https:\/\/a7integration.solutionsnuagiques.com\/en\/","title":{"rendered":"Home"},"content":{"rendered":"<p>[vc_row bg_type=&#8221;theme_default&#8221;][vc_column][rev_slider_vc alias=&#8221;a7-en&#8221;][\/vc_column][\/vc_row][vc_row][vc_column]<div class=\"space60\"><\/div>[\/vc_column][\/vc_row][vc_row][vc_column width=&#8221;1\/3&#8243; css=&#8221;.vc_custom_1555351345622{padding-bottom: 20px !important;background-image: url(https:\/\/a7integration.solutionsnuagiques.com\/wp-content\/uploads\/a7fabrication-1.jpg?id=5701) !important;}&#8221;][vc_column_text]<\/p>\n<h2 style=\"text-align: center; color: #e61e2a !important;\">A7 MANUFACTURING<\/h2>\n<p>[\/vc_column_text][vc_column_text]<\/p>\n<h3 style=\"font-weight: normal !important; text-align: center; color: #fff !important; margin-bottom: 0px !important; padding-bottom: 0px !important;\">CNC Programming<br \/>\nMulti-Axis Machining<br \/>\nFlat and Cylindrical Precision Grinding<br \/>\nWelding<br \/>\nAssembly<br \/>\nInspection and Reverse Engineering<br \/>\nHeat and Surface Treatments<\/h3>\n<p>[\/vc_column_text]<div class=\" ubtn-ctn-center \"><a class=\"ubtn-link ult-adjust-bottom-margin ubtn-center ubtn-mini \" href=\"https:\/\/a7integration.com\/en\/services\/manufacturing\" ><button type=\"button\" id=\"ubtn-7294\"  class=\"ubtn ult-adjust-bottom-margin ult-responsive ubtn-mini ubtn-no-hover-bg  none  ubtn-center   tooltip-69d2cc78077dc\"  data-hover=\"#000000\" data-border-color=\"#ffffff\" data-bg=\"rgba(224,224,224,0.01)\" data-hover-bg=\"#ffffff\" data-border-hover=\"#ffffff\" data-shadow-hover=\"\" data-shadow-click=\"none\" data-shadow=\"\" data-shd-shadow=\"\"  data-ultimate-target='#ubtn-7294'  data-responsive-json-new='{\"font-size\":\"desktop:16px;\",\"line-height\":\"\"}'  style=\"font-weight:normal;border-radius:0px;border-width:2px;border-color:#ffffff;border-style:solid;background: rgba(224,224,224,0.01);color: #ffffff;\"><span class=\"ubtn-hover\" style=\"background-color:#ffffff\"><\/span><span class=\"ubtn-data ubtn-text \" >LEARN MORE<\/span><\/button><\/a><\/div>[\/vc_column][vc_column width=&#8221;1\/3&#8243;]<div class=\"space40\"><\/div>[vc_single_image image=&#8221;35&#8243; img_size=&#8221;full&#8221; alignment=&#8221;center&#8221;][vc_column_text css=&#8221;.vc_custom_1555460872395{padding-top: 0px !important;padding-right: 0px !important;padding-bottom: 0px !important;padding-left: 0px !important;}&#8221;]<\/p>\n<h3 style=\"text-align: center; padding-top: 20px !important; margin-top: 30px !important; border-top: 2px solid #e61e2a !important;\"><em>Our Mission: To provide cutting edge engineering services and high precision machining for innovative and complex projects.<\/em><\/h3>\n<p>[\/vc_column_text]<div class=\"space40\"><\/div>[\/vc_column][vc_column width=&#8221;1\/3&#8243; css=&#8221;.vc_custom_1555352069566{padding-bottom: 20px !important;background-image: url(https:\/\/a7integration.solutionsnuagiques.com\/wp-content\/uploads\/a7design.jpg?id=5703) !important;background-position: center !important;background-repeat: no-repeat !important;background-size: contain !important;}&#8221;][vc_column_text]<\/p>\n<h2 style=\"text-align: center; color: #e61e2a !important;\">A7 DESIGN<\/h2>\n<p>[\/vc_column_text][vc_column_text]<\/p>\n<h3 style=\"text-align: center; color: #fff !important; margin-bottom: 0px !important; padding-bottom: 0px !important; font-weight: normal !important;\">Manufacturing Engineering<br \/>\nMechanical Engineering<br \/>\n3D Printing<br \/>\nIndustrialization<br \/>\nOnsite\/Remote Engineering Outsourcing<br \/>\nIndustrial VR\/AR Solutions<br \/>\nProject Management<\/h3>\n<p>[\/vc_column_text]<div class=\" ubtn-ctn-center \"><a class=\"ubtn-link ult-adjust-bottom-margin ubtn-center ubtn-mini \" href=\"https:\/\/a7integration.com\/en\/services\/engineering\" ><button type=\"button\" id=\"ubtn-3664\"  class=\"ubtn ult-adjust-bottom-margin ult-responsive ubtn-mini ubtn-no-hover-bg  none  ubtn-center   tooltip-69d2cc7807897\"  data-hover=\"#000000\" data-border-color=\"#ffffff\" data-bg=\"rgba(224,224,224,0.01)\" data-hover-bg=\"#ffffff\" data-border-hover=\"#ffffff\" data-shadow-hover=\"\" data-shadow-click=\"none\" data-shadow=\"\" data-shd-shadow=\"\"  data-ultimate-target='#ubtn-3664'  data-responsive-json-new='{\"font-size\":\"desktop:16px;\",\"line-height\":\"\"}'  style=\"font-weight:normal;border-radius:0px;border-width:2px;border-color:#ffffff;border-style:solid;background: rgba(224,224,224,0.01);color: #ffffff;\"><span class=\"ubtn-hover\" style=\"background-color:#ffffff\"><\/span><span class=\"ubtn-data ubtn-text \" >LEARN MORE<\/span><\/button><\/a><\/div>[\/vc_column][\/vc_row][vc_row css=&#8221;.vc_custom_1555351143249{margin-top: 40px !important;}&#8221;][vc_column][vc_column_text css=&#8221;.vc_custom_1555460859634{margin-right: 0px !important;margin-left: 0px !important;border-right-width: 0px !important;border-left-width: 0px !important;padding-top: 20px !important;padding-right: 0px !important;padding-left: 0px !important;}&#8221; el_class=&#8221;slogan&#8221;]<\/p>\n<p class=\"slogan\"><span style=\"color: #e61e2a !important;\">A7 INTEGRATION<\/span> <span style=\"color: #97989a;\">|<\/span> <span style=\"color: #000000;\">PARTNER BY EXCELLENCE<\/span><\/p>\n<p>[\/vc_column_text]<div class=\"space30\"><\/div>[\/vc_column][\/vc_row]<\/p>\n","protected":false},"excerpt":{"rendered":"<p>[vc_row bg_type=&#8221;theme_default&#8221;][vc_column][rev_slider_vc alias=&#8221;a7-en&#8221;][\/vc_column][\/vc_row][vc_row][vc_column][\/vc_column][\/vc_row][vc_row][vc_column width=&#8221;1\/3&#8243; css=&#8221;.vc_custom_1555351345622{padding-bottom: 20px !important;background-image: url(https:\/\/a7integration.solutionsnuagiques.com\/wp-content\/uploads\/a7fabrication-1.jpg?id=5701) !important;}&#8221;][vc_column_text] A7<\/p>\n","protected":false},"author":1,"featured_media":0,"parent":0,"menu_order":3,"comment_status":"closed","ping_status":"closed","template":"page-templates\/front-page.php","meta":[],"yoast_head":"<!-- This site is optimized with the Yoast SEO plugin v19.2 - https:\/\/yoast.com\/wordpress\/plugins\/seo\/ -->\n<title>Engineering and high precision machining | A\u00e9ronautique | Granby, Canada<\/title>\n<meta name=\"description\" content=\"A7 Int\u00e9gration fournit des services d\u2019ing\u00e9nierie et d\u2019usinage de pr\u00e9cision pour diff\u00e9rents secteurs comme l&#039;a\u00e9ronautique ou l&#039;automobile.\" \/>\n<meta name=\"robots\" content=\"noindex, follow, max-snippet:-1, max-image-preview:large, max-video-preview:-1\" \/>\n<meta property=\"og:locale\" content=\"en_US\" \/>\n<meta property=\"og:type\" content=\"article\" \/>\n<meta property=\"og:title\" content=\"Engineering and high precision machining | A\u00e9ronautique | Granby, Canada\" \/>\n<meta property=\"og:description\" content=\"A7 Int\u00e9gration fournit des services d\u2019ing\u00e9nierie et d\u2019usinage de pr\u00e9cision pour diff\u00e9rents secteurs comme l&#039;a\u00e9ronautique ou l&#039;automobile.\" \/>\n<meta property=\"og:url\" content=\"https:\/\/a7integration.solutionsnuagiques.com\/en\/\" \/>\n<meta property=\"og:site_name\" content=\"A7 Integration\" \/>\n<meta property=\"article:publisher\" content=\"https:\/\/www.facebook.com\/A7integration\/\" \/>\n<meta property=\"article:modified_time\" content=\"2019-11-22T21:22:14+00:00\" \/>\n<meta property=\"og:image\" content=\"https:\/\/a7integration.solutionsnuagiques.com\/wp-content\/uploads\/logo-a7integration.png\" \/>\n\t<meta property=\"og:image:width\" content=\"300\" \/>\n\t<meta property=\"og:image:height\" content=\"135\" \/>\n\t<meta property=\"og:image:type\" content=\"image\/png\" \/>\n<meta name=\"author\" content=\"a_a7integration\" \/>\n<meta name=\"twitter:card\" content=\"summary\" \/>\n<meta name=\"twitter:label1\" content=\"Est. reading time\" \/>\n\t<meta name=\"twitter:data1\" content=\"2 minutes\" \/>\n<script type=\"application\/ld+json\" class=\"yoast-schema-graph\">{\"@context\":\"https:\/\/schema.org\",\"@graph\":[{\"@type\":\"WebSite\",\"@id\":\"https:\/\/a7integration.solutionsnuagiques.com\/#website\",\"url\":\"https:\/\/a7integration.solutionsnuagiques.com\/\",\"name\":\"A7 Integration\",\"description\":\"Engineering and high precision machining\",\"potentialAction\":[{\"@type\":\"SearchAction\",\"target\":{\"@type\":\"EntryPoint\",\"urlTemplate\":\"https:\/\/a7integration.solutionsnuagiques.com\/?s={search_term_string}\"},\"query-input\":\"required name=search_term_string\"}],\"inLanguage\":\"en-US\"},{\"@type\":\"WebPage\",\"@id\":\"https:\/\/a7integration.solutionsnuagiques.com\/en\/#webpage\",\"url\":\"https:\/\/a7integration.solutionsnuagiques.com\/en\/\",\"name\":\"Engineering and high precision machining | A\u00e9ronautique | Granby, Canada\",\"isPartOf\":{\"@id\":\"https:\/\/a7integration.solutionsnuagiques.com\/#website\"},\"datePublished\":\"2014-06-20T17:50:00+00:00\",\"dateModified\":\"2019-11-22T21:22:14+00:00\",\"description\":\"A7 Int\u00e9gration fournit des services d\u2019ing\u00e9nierie et d\u2019usinage de pr\u00e9cision pour diff\u00e9rents secteurs comme l'a\u00e9ronautique ou l'automobile.\",\"breadcrumb\":{\"@id\":\"https:\/\/a7integration.solutionsnuagiques.com\/en\/#breadcrumb\"},\"inLanguage\":\"en-US\",\"potentialAction\":[{\"@type\":\"ReadAction\",\"target\":[\"https:\/\/a7integration.solutionsnuagiques.com\/en\/\"]}]},{\"@type\":\"BreadcrumbList\",\"@id\":\"https:\/\/a7integration.solutionsnuagiques.com\/en\/#breadcrumb\",\"itemListElement\":[{\"@type\":\"ListItem\",\"position\":1,\"name\":\"Home\",\"item\":\"https:\/\/a7integration.solutionsnuagiques.com\/en\/\"},{\"@type\":\"ListItem\",\"position\":2,\"name\":\"Home\"}]}]}<\/script>\n<!-- \/ Yoast SEO plugin. -->","yoast_head_json":{"title":"Engineering and high precision machining | A\u00e9ronautique | Granby, Canada","description":"A7 Int\u00e9gration fournit des services d\u2019ing\u00e9nierie et d\u2019usinage de pr\u00e9cision pour diff\u00e9rents secteurs comme l'a\u00e9ronautique ou l'automobile.","robots":{"index":"noindex","follow":"follow","max-snippet":"max-snippet:-1","max-image-preview":"max-image-preview:large","max-video-preview":"max-video-preview:-1"},"og_locale":"en_US","og_type":"article","og_title":"Engineering and high precision machining | A\u00e9ronautique | Granby, Canada","og_description":"A7 Int\u00e9gration fournit des services d\u2019ing\u00e9nierie et d\u2019usinage de pr\u00e9cision pour diff\u00e9rents secteurs comme l'a\u00e9ronautique ou l'automobile.","og_url":"https:\/\/a7integration.solutionsnuagiques.com\/en\/","og_site_name":"A7 Integration","article_publisher":"https:\/\/www.facebook.com\/A7integration\/","article_modified_time":"2019-11-22T21:22:14+00:00","og_image":[{"width":300,"height":135,"url":"https:\/\/a7integration.solutionsnuagiques.com\/wp-content\/uploads\/logo-a7integration.png","type":"image\/png"}],"author":"a_a7integration","twitter_card":"summary","twitter_misc":{"Est. reading time":"2 minutes"},"schema":{"@context":"https:\/\/schema.org","@graph":[{"@type":"WebSite","@id":"https:\/\/a7integration.solutionsnuagiques.com\/#website","url":"https:\/\/a7integration.solutionsnuagiques.com\/","name":"A7 Integration","description":"Engineering and high precision machining","potentialAction":[{"@type":"SearchAction","target":{"@type":"EntryPoint","urlTemplate":"https:\/\/a7integration.solutionsnuagiques.com\/?s={search_term_string}"},"query-input":"required name=search_term_string"}],"inLanguage":"en-US"},{"@type":"WebPage","@id":"https:\/\/a7integration.solutionsnuagiques.com\/en\/#webpage","url":"https:\/\/a7integration.solutionsnuagiques.com\/en\/","name":"Engineering and high precision machining | A\u00e9ronautique | Granby, Canada","isPartOf":{"@id":"https:\/\/a7integration.solutionsnuagiques.com\/#website"},"datePublished":"2014-06-20T17:50:00+00:00","dateModified":"2019-11-22T21:22:14+00:00","description":"A7 Int\u00e9gration fournit des services d\u2019ing\u00e9nierie et d\u2019usinage de pr\u00e9cision pour diff\u00e9rents secteurs comme l'a\u00e9ronautique ou l'automobile.","breadcrumb":{"@id":"https:\/\/a7integration.solutionsnuagiques.com\/en\/#breadcrumb"},"inLanguage":"en-US","potentialAction":[{"@type":"ReadAction","target":["https:\/\/a7integration.solutionsnuagiques.com\/en\/"]}]},{"@type":"BreadcrumbList","@id":"https:\/\/a7integration.solutionsnuagiques.com\/en\/#breadcrumb","itemListElement":[{"@type":"ListItem","position":1,"name":"Home","item":"https:\/\/a7integration.solutionsnuagiques.com\/en\/"},{"@type":"ListItem","position":2,"name":"Home"}]}]}},"_links":{"self":[{"href":"https:\/\/a7integration.solutionsnuagiques.com\/en\/wp-json\/wp\/v2\/pages\/4327"}],"collection":[{"href":"https:\/\/a7integration.solutionsnuagiques.com\/en\/wp-json\/wp\/v2\/pages"}],"about":[{"href":"https:\/\/a7integration.solutionsnuagiques.com\/en\/wp-json\/wp\/v2\/types\/page"}],"author":[{"embeddable":true,"href":"https:\/\/a7integration.solutionsnuagiques.com\/en\/wp-json\/wp\/v2\/users\/1"}],"replies":[{"embeddable":true,"href":"https:\/\/a7integration.solutionsnuagiques.com\/en\/wp-json\/wp\/v2\/comments?post=4327"}],"version-history":[{"count":0,"href":"https:\/\/a7integration.solutionsnuagiques.com\/en\/wp-json\/wp\/v2\/pages\/4327\/revisions"}],"wp:attachment":[{"href":"https:\/\/a7integration.solutionsnuagiques.com\/en\/wp-json\/wp\/v2\/media?parent=4327"}],"curies":[{"name":"wp","href":"https:\/\/api.w.org\/{rel}","templated":true}]}}